{"id":662,"date":"2023-11-14T11:39:32","date_gmt":"2023-11-14T10:39:32","guid":{"rendered":"https:\/\/pallasquintela.es\/?page_id=662"},"modified":"2025-10-15T18:33:15","modified_gmt":"2025-10-15T16:33:15","slug":"sobre_nosotros","status":"publish","type":"page","link":"https:\/\/pallasquintela.es\/gl\/sobre_nosotros\/","title":{"rendered":"Sobre n\u00f3s"},"content":{"rendered":"<div data-elementor-type=\"wp-page\" data-elementor-id=\"662\" class=\"elementor elementor-662\">\n\t\t\t\t<div class=\"elementor-element elementor-element-54cfd1a6 e-con-full e-flex e-con e-parent\" data-id=\"54cfd1a6\" data-element_type=\"container\" data-settings=\"{&quot;background_background&quot;:&quot;video&quot;,&quot;background_video_link&quot;:&quot;https:\\\/\\\/storage.googleapis.com\\\/webdebullar_images\\\/video_sobre_nosotro_fisionicra.mp4&quot;}\">\n\t\t<div class=\"elementor-background-video-container elementor-hidden-mobile\" aria-hidden=\"true\">\n\t\t\t\t\t\t\t<video class=\"elementor-background-video-hosted\" autoplay muted playsinline loop><\/video>\n\t\t\t\t\t<\/div>\t\t<\/div>\n\t\t\t\t<section class=\"elementor-section elementor-top-section elementor-element elementor-element-8ee04fd elementor-section-boxed elementor-section-height-default elementor-section-height-default\" data-id=\"8ee04fd\" data-element_type=\"section\">\n\t\t\t\t\t\t<div class=\"elementor-container elementor-column-gap-default\">\n\t\t\t\t\t<div class=\"elementor-column elementor-col-100 elementor-top-column elementor-element elementor-element-16241402\" data-id=\"16241402\" data-element_type=\"column\">\n\t\t\t<div class=\"elementor-widget-wrap elementor-element-populated\">\n\t\t\t\t\t\t<div class=\"elementor-element elementor-element-70b95b93 elementor-widget elementor-widget-heading\" data-id=\"70b95b93\" data-element_type=\"widget\" data-widget_type=\"heading.default\">\n\t\t\t\t<div class=\"elementor-widget-container\">\n\t\t\t\t\t<h1 class=\"elementor-heading-title elementor-size-default\">Sobre n\u00f3s<\/h1>\t\t\t\t<\/div>\n\t\t\t\t<\/div>\n\t\t\t\t\t<\/div>\n\t\t<\/div>\n\t\t\t\t\t<\/div>\n\t\t<\/section>\n\t\t<div class=\"elementor-element elementor-element-1e3535e e-flex e-con-boxed e-con e-parent\" data-id=\"1e3535e\" data-element_type=\"container\" data-settings=\"{&quot;background_background&quot;:&quot;classic&quot;}\">\n\t\t\t\t\t<div class=\"e-con-inner\">\n\t\t<div class=\"elementor-element elementor-element-c212a1f e-con-full e-flex e-con e-child\" data-id=\"c212a1f\" data-element_type=\"container\">\n\t\t\t\t<div class=\"elementor-element elementor-element-80477cb elementor-widget elementor-widget-text-editor\" data-id=\"80477cb\" data-element_type=\"widget\" data-widget_type=\"text-editor.default\">\n\t\t\t\t<div class=\"elementor-widget-container\">\n\t\t\t\t\t\t\t\t\t<p>Somos os irm\u00e1ns Pallas Quintela, dous directivos cunha misi\u00f3n clara: ofrecer un asesoramento integral e de alta calidade que combine profesionalidade e empat\u00eda. A nosa estratexia bas\u00e9ase na proximidade, a transparencia e o compromiso cos nosos clientes.<\/p><p>Nas nosas oficinas, atopar\u00e1 un lugar onde o seu caso ser\u00e1 tratado coa m\u00e1xima dedicaci\u00f3n, estudando cada detalle para defender os seus intereses da mellor maneira posible.<\/p>\t\t\t\t\t\t\t\t<\/div>\n\t\t\t\t<\/div>\n\t\t\t\t<\/div>\n\t\t\t\t\t<\/div>\n\t\t\t\t<\/div>\n\t\t<div class=\"elementor-element elementor-element-d868417 e-flex e-con-boxed e-con e-parent\" data-id=\"d868417\" data-element_type=\"container\">\n\t\t\t\t\t<div class=\"e-con-inner\">\n\t\t<div class=\"elementor-element elementor-element-2c402fc e-con-full e-flex e-con e-child\" data-id=\"2c402fc\" data-element_type=\"container\">\n\t\t\t\t<div class=\"elementor-element elementor-element-207ae99 elementor-widget elementor-widget-image\" data-id=\"207ae99\" data-element_type=\"widget\" data-widget_type=\"image.default\">\n\t\t\t\t<div class=\"elementor-widget-container\">\n\t\t\t\t\t\t\t\t\t\t\t\t\t\t\t<img fetchpriority=\"high\" decoding=\"async\" width=\"274\" height=\"268\" src=\"https:\/\/pallasquintela.es\/wp-content\/uploads\/2024\/11\/icono.png\" class=\"attachment-large size-large wp-image-1349\" alt=\"\" srcset=\"https:\/\/pallasquintela.es\/wp-content\/uploads\/2024\/11\/icono.png 274w, https:\/\/pallasquintela.es\/wp-content\/uploads\/2024\/11\/icono-12x12.png 12w\" sizes=\"(max-width: 274px) 100vw, 274px\" \/>\t\t\t\t\t\t\t\t\t\t\t\t\t\t\t<\/div>\n\t\t\t\t<\/div>\n\t\t\t\t<div class=\"elementor-element elementor-element-636228d elementor-widget elementor-widget-heading\" data-id=\"636228d\" data-element_type=\"widget\" data-widget_type=\"heading.default\">\n\t\t\t\t<div class=\"elementor-widget-container\">\n\t\t\t\t\t<h2 class=\"elementor-heading-title elementor-size-default\">Maria Dolores Pallas Quintela<\/h2>\t\t\t\t<\/div>\n\t\t\t\t<\/div>\n\t\t\t\t<\/div>\n\t\t<div class=\"elementor-element elementor-element-472f502 e-con-full e-flex e-con e-child\" data-id=\"472f502\" data-element_type=\"container\">\n\t\t\t\t<div class=\"elementor-element elementor-element-811a11e elementor-widget elementor-widget-image\" data-id=\"811a11e\" data-element_type=\"widget\" data-widget_type=\"image.default\">\n\t\t\t\t<div class=\"elementor-widget-container\">\n\t\t\t\t\t\t\t\t\t\t\t\t\t\t\t<img fetchpriority=\"high\" decoding=\"async\" width=\"274\" height=\"268\" src=\"https:\/\/pallasquintela.es\/wp-content\/uploads\/2024\/11\/icono.png\" class=\"attachment-large size-large wp-image-1349\" alt=\"\" srcset=\"https:\/\/pallasquintela.es\/wp-content\/uploads\/2024\/11\/icono.png 274w, https:\/\/pallasquintela.es\/wp-content\/uploads\/2024\/11\/icono-12x12.png 12w\" sizes=\"(max-width: 274px) 100vw, 274px\" \/>\t\t\t\t\t\t\t\t\t\t\t\t\t\t\t<\/div>\n\t\t\t\t<\/div>\n\t\t\t\t<div class=\"elementor-element elementor-element-e40f344 elementor-widget elementor-widget-heading\" data-id=\"e40f344\" data-element_type=\"widget\" data-widget_type=\"heading.default\">\n\t\t\t\t<div class=\"elementor-widget-container\">\n\t\t\t\t\t<h2 class=\"elementor-heading-title elementor-size-default\">Manuel Jos\u00e9 <span style=\"letter-spacing: 0.3px\">Pallas Quintela<\/span><span style=\"letter-spacing: 0.3px\"><\/span><br><\/h2>\t\t\t\t<\/div>\n\t\t\t\t<\/div>\n\t\t\t\t<\/div>\n\t\t\t\t\t<\/div>\n\t\t\t\t<\/div>\n\t\t\t\t<\/div>","protected":false},"excerpt":{"rendered":"<p>Sobre nosotros Somos los hermanos Pallas Quintela, dos gestores con una misi\u00f3n clara: ofrecer un asesoramiento completo de calidad que combine profesionalismo y empat\u00eda. Nuestro enfoque se basa en la cercan\u00eda, la transparencia y el compromiso con nuestros clientes. En nuestras dependencias encontrar\u00e1s un lugar donde tu caso ser\u00e1 tratado con la m\u00e1xima dedicaci\u00f3n, estudiando&hellip;&nbsp;<a href=\"https:\/\/pallasquintela.es\/gl\/sobre_nosotros\/\" rel=\"bookmark\">Read More &raquo;<span class=\"screen-reader-text\">Sobre n\u00f3s<\/span><\/a><\/p>","protected":false},"author":1,"featured_media":1477,"parent":0,"menu_order":0,"comment_status":"closed","ping_status":"closed","template":"","meta":{"neve_meta_sidebar":"","neve_meta_container":"full-width","neve_meta_enable_content_width":"","neve_meta_content_width":0,"neve_meta_title_alignment":"","neve_meta_author_avatar":"","neve_post_elements_order":"","neve_meta_disable_header":"","neve_meta_disable_footer":"","neve_meta_disable_title":"on","neve_meta_reading_time":"","_ti_tpc_template_sync":false,"_ti_tpc_template_id":"","footnotes":""},"class_list":["post-662","page","type-page","status-publish","has-post-thumbnail","hentry"],"yoast_head":"<!-- This site is optimized with the Yoast SEO plugin v26.1.1 - https:\/\/yoast.com\/wordpress\/plugins\/seo\/ -->\n<title>Sobre nosotros - Pallas Quintela<\/title>\n<meta name=\"description\" content=\"Pallas Quintela, tu gestor\u00eda integral con una misi\u00f3n clara: ofrecer un asesoramiento completo de calidad que combine profesionalidad.\" \/>\n<meta name=\"robots\" content=\"index, follow, max-snippet:-1, max-image-preview:large, max-video-preview:-1\" \/>\n<link rel=\"canonical\" href=\"https:\/\/pallasquintela.es\/gl\/sobre_nosotros\/\" \/>\n<meta property=\"og:locale\" content=\"gl_ES\" \/>\n<meta property=\"og:type\" content=\"article\" \/>\n<meta property=\"og:title\" content=\"Sobre nosotros - Pallas Quintela\" \/>\n<meta property=\"og:description\" content=\"Pallas Quintela, tu gestor\u00eda integral con una misi\u00f3n clara: ofrecer un asesoramiento completo de calidad que combine profesionalidad.\" \/>\n<meta property=\"og:url\" content=\"https:\/\/pallasquintela.es\/gl\/sobre_nosotros\/\" \/>\n<meta property=\"og:site_name\" content=\"Pallas Quintela\" \/>\n<meta property=\"article:modified_time\" content=\"2025-10-15T16:33:15+00:00\" \/>\n<meta property=\"og:image\" content=\"https:\/\/pallasquintela.es\/wp-content\/uploads\/2024\/12\/Diseno-sin-titulo-5.png\" \/>\n\t<meta property=\"og:image:width\" content=\"1366\" \/>\n\t<meta property=\"og:image:height\" content=\"768\" \/>\n\t<meta property=\"og:image:type\" content=\"image\/png\" \/>\n<meta name=\"twitter:card\" content=\"summary_large_image\" \/>\n<meta name=\"twitter:label1\" content=\"Tempo de lectura\" \/>\n\t<meta name=\"twitter:data1\" content=\"1 minuto\" \/>\n<script type=\"application\/ld+json\" class=\"yoast-schema-graph\">{\"@context\":\"https:\/\/schema.org\",\"@graph\":[{\"@type\":\"WebPage\",\"@id\":\"https:\/\/pallasquintela.es\/sobre_nosotros\/\",\"url\":\"https:\/\/pallasquintela.es\/sobre_nosotros\/\",\"name\":\"Sobre nosotros - Pallas Quintela\",\"isPartOf\":{\"@id\":\"https:\/\/pallasquintela.es\/#website\"},\"primaryImageOfPage\":{\"@id\":\"https:\/\/pallasquintela.es\/sobre_nosotros\/#primaryimage\"},\"image\":{\"@id\":\"https:\/\/pallasquintela.es\/sobre_nosotros\/#primaryimage\"},\"thumbnailUrl\":\"https:\/\/pallasquintela.es\/wp-content\/uploads\/2024\/12\/Diseno-sin-titulo-5.png\",\"datePublished\":\"2023-11-14T10:39:32+00:00\",\"dateModified\":\"2025-10-15T16:33:15+00:00\",\"description\":\"Pallas Quintela, tu gestor\u00eda integral con una misi\u00f3n clara: ofrecer un asesoramiento completo de calidad que combine profesionalidad.\",\"breadcrumb\":{\"@id\":\"https:\/\/pallasquintela.es\/sobre_nosotros\/#breadcrumb\"},\"inLanguage\":\"gl-ES\",\"potentialAction\":[{\"@type\":\"ReadAction\",\"target\":[\"https:\/\/pallasquintela.es\/sobre_nosotros\/\"]}]},{\"@type\":\"ImageObject\",\"inLanguage\":\"gl-ES\",\"@id\":\"https:\/\/pallasquintela.es\/sobre_nosotros\/#primaryimage\",\"url\":\"https:\/\/pallasquintela.es\/wp-content\/uploads\/2024\/12\/Diseno-sin-titulo-5.png\",\"contentUrl\":\"https:\/\/pallasquintela.es\/wp-content\/uploads\/2024\/12\/Diseno-sin-titulo-5.png\",\"width\":1366,\"height\":768},{\"@type\":\"BreadcrumbList\",\"@id\":\"https:\/\/pallasquintela.es\/sobre_nosotros\/#breadcrumb\",\"itemListElement\":[{\"@type\":\"ListItem\",\"position\":1,\"name\":\"Home\",\"item\":\"https:\/\/pallasquintela.es\/\"},{\"@type\":\"ListItem\",\"position\":2,\"name\":\"Sobre nosotros\"}]},{\"@type\":\"WebSite\",\"@id\":\"https:\/\/pallasquintela.es\/#website\",\"url\":\"https:\/\/pallasquintela.es\/\",\"name\":\"Pallas Quintela\",\"description\":\"Pallas Quintela\",\"potentialAction\":[{\"@type\":\"SearchAction\",\"target\":{\"@type\":\"EntryPoint\",\"urlTemplate\":\"https:\/\/pallasquintela.es\/?s={search_term_string}\"},\"query-input\":{\"@type\":\"PropertyValueSpecification\",\"valueRequired\":true,\"valueName\":\"search_term_string\"}}],\"inLanguage\":\"gl-ES\"}]}<\/script>\n<!-- \/ Yoast SEO plugin. -->","yoast_head_json":{"title":"Sobre nosotros - Pallas Quintela","description":"Pallas Quintela, tu gestor\u00eda integral con una misi\u00f3n clara: ofrecer un asesoramiento completo de calidad que combine profesionalidad.","robots":{"index":"index","follow":"follow","max-snippet":"max-snippet:-1","max-image-preview":"max-image-preview:large","max-video-preview":"max-video-preview:-1"},"canonical":"https:\/\/pallasquintela.es\/gl\/sobre_nosotros\/","og_locale":"gl_ES","og_type":"article","og_title":"Sobre nosotros - Pallas Quintela","og_description":"Pallas Quintela, tu gestor\u00eda integral con una misi\u00f3n clara: ofrecer un asesoramiento completo de calidad que combine profesionalidad.","og_url":"https:\/\/pallasquintela.es\/gl\/sobre_nosotros\/","og_site_name":"Pallas Quintela","article_modified_time":"2025-10-15T16:33:15+00:00","og_image":[{"width":1366,"height":768,"url":"https:\/\/pallasquintela.es\/wp-content\/uploads\/2024\/12\/Diseno-sin-titulo-5.png","type":"image\/png"}],"twitter_card":"summary_large_image","twitter_misc":{"Tempo de lectura":"1 minuto"},"schema":{"@context":"https:\/\/schema.org","@graph":[{"@type":"WebPage","@id":"https:\/\/pallasquintela.es\/sobre_nosotros\/","url":"https:\/\/pallasquintela.es\/sobre_nosotros\/","name":"Sobre nosotros - Pallas Quintela","isPartOf":{"@id":"https:\/\/pallasquintela.es\/#website"},"primaryImageOfPage":{"@id":"https:\/\/pallasquintela.es\/sobre_nosotros\/#primaryimage"},"image":{"@id":"https:\/\/pallasquintela.es\/sobre_nosotros\/#primaryimage"},"thumbnailUrl":"https:\/\/pallasquintela.es\/wp-content\/uploads\/2024\/12\/Diseno-sin-titulo-5.png","datePublished":"2023-11-14T10:39:32+00:00","dateModified":"2025-10-15T16:33:15+00:00","description":"Pallas Quintela, tu gestor\u00eda integral con una misi\u00f3n clara: ofrecer un asesoramiento completo de calidad que combine profesionalidad.","breadcrumb":{"@id":"https:\/\/pallasquintela.es\/sobre_nosotros\/#breadcrumb"},"inLanguage":"gl-ES","potentialAction":[{"@type":"ReadAction","target":["https:\/\/pallasquintela.es\/sobre_nosotros\/"]}]},{"@type":"ImageObject","inLanguage":"gl-ES","@id":"https:\/\/pallasquintela.es\/sobre_nosotros\/#primaryimage","url":"https:\/\/pallasquintela.es\/wp-content\/uploads\/2024\/12\/Diseno-sin-titulo-5.png","contentUrl":"https:\/\/pallasquintela.es\/wp-content\/uploads\/2024\/12\/Diseno-sin-titulo-5.png","width":1366,"height":768},{"@type":"BreadcrumbList","@id":"https:\/\/pallasquintela.es\/sobre_nosotros\/#breadcrumb","itemListElement":[{"@type":"ListItem","position":1,"name":"Home","item":"https:\/\/pallasquintela.es\/"},{"@type":"ListItem","position":2,"name":"Sobre nosotros"}]},{"@type":"WebSite","@id":"https:\/\/pallasquintela.es\/#website","url":"https:\/\/pallasquintela.es\/","name":"Pallas Quintela","description":"Pallas Quintela","potentialAction":[{"@type":"SearchAction","target":{"@type":"EntryPoint","urlTemplate":"https:\/\/pallasquintela.es\/?s={search_term_string}"},"query-input":{"@type":"PropertyValueSpecification","valueRequired":true,"valueName":"search_term_string"}}],"inLanguage":"gl-ES"}]}},"_links":{"self":[{"href":"https:\/\/pallasquintela.es\/gl\/wp-json\/wp\/v2\/pages\/662","targetHints":{"allow":["GET"]}}],"collection":[{"href":"https:\/\/pallasquintela.es\/gl\/wp-json\/wp\/v2\/pages"}],"about":[{"href":"https:\/\/pallasquintela.es\/gl\/wp-json\/wp\/v2\/types\/page"}],"author":[{"embeddable":true,"href":"https:\/\/pallasquintela.es\/gl\/wp-json\/wp\/v2\/users\/1"}],"replies":[{"embeddable":true,"href":"https:\/\/pallasquintela.es\/gl\/wp-json\/wp\/v2\/comments?post=662"}],"version-history":[{"count":92,"href":"https:\/\/pallasquintela.es\/gl\/wp-json\/wp\/v2\/pages\/662\/revisions"}],"predecessor-version":[{"id":1573,"href":"https:\/\/pallasquintela.es\/gl\/wp-json\/wp\/v2\/pages\/662\/revisions\/1573"}],"wp:featuredmedia":[{"embeddable":true,"href":"https:\/\/pallasquintela.es\/gl\/wp-json\/wp\/v2\/media\/1477"}],"wp:attachment":[{"href":"https:\/\/pallasquintela.es\/gl\/wp-json\/wp\/v2\/media?parent=662"}],"curies":[{"name":"wp","href":"https:\/\/api.w.org\/{rel}","templated":true}]}}