{"id":648,"date":"2023-11-10T17:50:19","date_gmt":"2023-11-10T16:50:19","guid":{"rendered":"https:\/\/pallasquintela.es\/contact\/"},"modified":"2025-10-15T18:32:06","modified_gmt":"2025-10-15T16:32:06","slug":"contacto","status":"publish","type":"page","link":"https:\/\/pallasquintela.es\/gl\/contacto\/","title":{"rendered":"Contacto"},"content":{"rendered":"<div data-elementor-type=\"wp-page\" data-elementor-id=\"648\" class=\"elementor elementor-648\">\n\t\t\t\t<div class=\"elementor-element elementor-element-c90497e e-con-full e-flex e-con e-parent\" data-id=\"c90497e\" data-element_type=\"container\" data-settings=\"{&quot;background_background&quot;:&quot;classic&quot;}\">\n\t\t\t\t<\/div>\n\t\t\t\t<section class=\"elementor-section elementor-top-section elementor-element elementor-element-787831de elementor-section-boxed elementor-section-height-default elementor-section-height-default\" data-id=\"787831de\" data-element_type=\"section\">\n\t\t\t\t\t\t<div class=\"elementor-container elementor-column-gap-default\">\n\t\t\t\t\t<div class=\"elementor-column elementor-col-100 elementor-top-column elementor-element elementor-element-31c3c2c4\" data-id=\"31c3c2c4\" data-element_type=\"column\">\n\t\t\t<div class=\"elementor-widget-wrap elementor-element-populated\">\n\t\t\t\t\t\t<div class=\"elementor-element elementor-element-656e2827 elementor-widget elementor-widget-heading\" data-id=\"656e2827\" data-element_type=\"widget\" data-widget_type=\"heading.default\">\n\t\t\t\t<div class=\"elementor-widget-container\">\n\t\t\t\t\t<h1 class=\"elementor-heading-title elementor-size-default\">Contacto<\/h1>\t\t\t\t<\/div>\n\t\t\t\t<\/div>\n\t\t\t\t\t<\/div>\n\t\t<\/div>\n\t\t\t\t\t<\/div>\n\t\t<\/section>\n\t\t\t\t<section class=\"elementor-section elementor-top-section elementor-element elementor-element-47611fd elementor-section-content-middle elementor-section-boxed elementor-section-height-default elementor-section-height-default\" data-id=\"47611fd\" data-element_type=\"section\" data-settings=\"{&quot;background_background&quot;:&quot;classic&quot;}\">\n\t\t\t\t\t\t<div class=\"elementor-container elementor-column-gap-default\">\n\t\t\t\t\t<div class=\"elementor-column elementor-col-50 elementor-top-column elementor-element elementor-element-6875a9a\" data-id=\"6875a9a\" data-element_type=\"column\" data-settings=\"{&quot;background_background&quot;:&quot;classic&quot;}\">\n\t\t\t<div class=\"elementor-widget-wrap elementor-element-populated\">\n\t\t\t\t\t\t<div class=\"elementor-element elementor-element-12342c9 elementor-widget elementor-widget-text-editor\" data-id=\"12342c9\" data-element_type=\"widget\" data-widget_type=\"text-editor.default\">\n\t\t\t\t<div class=\"elementor-widget-container\">\n\t\t\t\t\t\t\t\t\t<div class=\"page\" title=\"Page 1\"><div class=\"layoutArea\"><div class=\"column\"><h3>Horario<\/h3><p>LUNS E VENRES<\/p><p><strong>9:30H A 14:00H<\/strong><\/p><p><strong>16:30H A 20:00H<\/strong><\/p><p>S\u00c1BADO E DOMINGO<\/p><p><strong>PECHADO<\/strong><\/p><\/div><\/div><\/div>\t\t\t\t\t\t\t\t<\/div>\n\t\t\t\t<\/div>\n\t\t\t\t\t<\/div>\n\t\t<\/div>\n\t\t\t\t<div class=\"elementor-column elementor-col-50 elementor-top-column elementor-element elementor-element-3af0a2f\" data-id=\"3af0a2f\" data-element_type=\"column\" data-settings=\"{&quot;background_background&quot;:&quot;classic&quot;}\">\n\t\t\t<div class=\"elementor-widget-wrap elementor-element-populated\">\n\t\t\t\t\t\t<div class=\"elementor-element elementor-element-8b7ef3c elementor-widget elementor-widget-image\" data-id=\"8b7ef3c\" data-element_type=\"widget\" data-widget_type=\"image.default\">\n\t\t\t\t<div class=\"elementor-widget-container\">\n\t\t\t\t\t\t\t\t\t\t\t\t\t\t\t<img fetchpriority=\"high\" decoding=\"async\" width=\"1366\" height=\"768\" src=\"https:\/\/pallasquintela.es\/wp-content\/uploads\/2024\/12\/Diseno-sin-titulo-2.png\" class=\"attachment-full size-full wp-image-1460\" alt=\"\" srcset=\"https:\/\/pallasquintela.es\/wp-content\/uploads\/2024\/12\/Diseno-sin-titulo-2.png 1366w, https:\/\/pallasquintela.es\/wp-content\/uploads\/2024\/12\/Diseno-sin-titulo-2-300x169.png 300w, https:\/\/pallasquintela.es\/wp-content\/uploads\/2024\/12\/Diseno-sin-titulo-2-1024x576.png 1024w, https:\/\/pallasquintela.es\/wp-content\/uploads\/2024\/12\/Diseno-sin-titulo-2-768x432.png 768w, https:\/\/pallasquintela.es\/wp-content\/uploads\/2024\/12\/Diseno-sin-titulo-2-18x10.png 18w\" sizes=\"(max-width: 1366px) 100vw, 1366px\" \/>\t\t\t\t\t\t\t\t\t\t\t\t\t\t\t<\/div>\n\t\t\t\t<\/div>\n\t\t\t\t\t<\/div>\n\t\t<\/div>\n\t\t\t\t\t<\/div>\n\t\t<\/section>\n\t\t\t\t<section class=\"elementor-section elementor-top-section elementor-element elementor-element-2614052 elementor-section-boxed elementor-section-height-default elementor-section-height-default\" data-id=\"2614052\" data-element_type=\"section\" data-settings=\"{&quot;background_background&quot;:&quot;classic&quot;}\">\n\t\t\t\t\t\t<div class=\"elementor-container elementor-column-gap-default\">\n\t\t\t\t\t<div class=\"elementor-column elementor-col-33 elementor-top-column elementor-element elementor-element-862965f\" data-id=\"862965f\" data-element_type=\"column\" data-settings=\"{&quot;background_background&quot;:&quot;classic&quot;}\">\n\t\t\t<div class=\"elementor-widget-wrap elementor-element-populated\">\n\t\t\t\t\t\t<div class=\"elementor-element elementor-element-e1abe68 elementor-view-stacked elementor-shape-circle elementor-position-top elementor-mobile-position-top elementor-widget elementor-widget-icon-box\" data-id=\"e1abe68\" data-element_type=\"widget\" data-widget_type=\"icon-box.default\">\n\t\t\t\t<div class=\"elementor-widget-container\">\n\t\t\t\t\t\t\t<div class=\"elementor-icon-box-wrapper\">\n\n\t\t\t\t\t\t<div class=\"elementor-icon-box-icon\">\n\t\t\t\t<a href=\"tel:+34981757196\" class=\"elementor-icon\" tabindex=\"-1\" aria-label=\"Tel\u00e9fono\">\n\t\t\t\t<svg aria-hidden=\"true\" class=\"e-font-icon-svg e-fas-phone\" viewbox=\"0 0 512 512\" xmlns=\"http:\/\/www.w3.org\/2000\/svg\"><path d=\"M493.4 24.6l-104-24c-11.3-2.6-22.9 3.3-27.5 13.9l-48 112c-4.2 9.8-1.4 21.3 6.9 28l60.6 49.6c-36 76.7-98.9 140.5-177.2 177.2l-49.6-60.6c-6.8-8.3-18.2-11.1-28-6.9l-112 48C3.9 366.5-2 378.1.6 389.4l24 104C27.1 504.2 36.7 512 48 512c256.1 0 464-207.5 464-464 0-11.2-7.7-20.9-18.6-23.4z\"><\/path><\/svg>\t\t\t\t<\/a>\n\t\t\t<\/div>\n\t\t\t\n\t\t\t\t\t\t<div class=\"elementor-icon-box-content\">\n\n\t\t\t\t\t\t\t\t\t<h3 class=\"elementor-icon-box-title\">\n\t\t\t\t\t\t<a href=\"tel:+34981757196\" >\n\t\t\t\t\t\t\tTel\u00e9fono\t\t\t\t\t\t<\/a>\n\t\t\t\t\t<\/h3>\n\t\t\t\t\n\t\t\t\t\t\t\t\t\t<p class=\"elementor-icon-box-description\">\n\t\t\t\t\t\t+34 981 757 196\t\t\t\t\t<\/p>\n\t\t\t\t\n\t\t\t<\/div>\n\t\t\t\n\t\t<\/div>\n\t\t\t\t\t\t<\/div>\n\t\t\t\t<\/div>\n\t\t\t\t\t<\/div>\n\t\t<\/div>\n\t\t\t\t<div class=\"elementor-column elementor-col-33 elementor-top-column elementor-element elementor-element-5cd6fc7\" data-id=\"5cd6fc7\" data-element_type=\"column\" data-settings=\"{&quot;background_background&quot;:&quot;classic&quot;}\">\n\t\t\t<div class=\"elementor-widget-wrap elementor-element-populated\">\n\t\t\t\t\t\t<div class=\"elementor-element elementor-element-98ffd64 elementor-view-stacked elementor-shape-circle elementor-position-top elementor-mobile-position-top elementor-widget elementor-widget-icon-box\" data-id=\"98ffd64\" data-element_type=\"widget\" data-widget_type=\"icon-box.default\">\n\t\t\t\t<div class=\"elementor-widget-container\">\n\t\t\t\t\t\t\t<div class=\"elementor-icon-box-wrapper\">\n\n\t\t\t\t\t\t<div class=\"elementor-icon-box-icon\">\n\t\t\t\t<a href=\"mailto:info@pallasquintela.es\" target=\"_blank\" class=\"elementor-icon\" tabindex=\"-1\" aria-label=\"Email\">\n\t\t\t\t<svg aria-hidden=\"true\" class=\"e-font-icon-svg e-far-envelope\" viewbox=\"0 0 512 512\" xmlns=\"http:\/\/www.w3.org\/2000\/svg\"><path d=\"M464 64H48C21.49 64 0 85.49 0 112v288c0 26.51 21.49 48 48 48h416c26.51 0 48-21.49 48-48V112c0-26.51-21.49-48-48-48zm0 48v40.805c-22.422 18.259-58.168 46.651-134.587 106.49-16.841 13.247-50.201 45.072-73.413 44.701-23.208.375-56.579-31.459-73.413-44.701C106.18 199.465 70.425 171.067 48 152.805V112h416zM48 400V214.398c22.914 18.251 55.409 43.862 104.938 82.646 21.857 17.205 60.134 55.186 103.062 54.955 42.717.231 80.509-37.199 103.053-54.947 49.528-38.783 82.032-64.401 104.947-82.653V400H48z\"><\/path><\/svg>\t\t\t\t<\/a>\n\t\t\t<\/div>\n\t\t\t\n\t\t\t\t\t\t<div class=\"elementor-icon-box-content\">\n\n\t\t\t\t\t\t\t\t\t<h3 class=\"elementor-icon-box-title\">\n\t\t\t\t\t\t<a href=\"mailto:info@pallasquintela.es\" target=\"_blank\" >\n\t\t\t\t\t\t\tEmail\t\t\t\t\t\t<\/a>\n\t\t\t\t\t<\/h3>\n\t\t\t\t\n\t\t\t\t\n\t\t\t<\/div>\n\t\t\t\n\t\t<\/div>\n\t\t\t\t\t\t<\/div>\n\t\t\t\t<\/div>\n\t\t\t\t<div class=\"elementor-element elementor-element-25dd566 elementor-widget elementor-widget-text-editor\" data-id=\"25dd566\" data-element_type=\"widget\" data-widget_type=\"text-editor.default\">\n\t\t\t\t<div class=\"elementor-widget-container\">\n\t\t\t\t\t\t\t\t\t<p><a href=\"mailto:info@pallasquintela.es\">info@pallasquintela.es<\/a><\/p>\t\t\t\t\t\t\t\t<\/div>\n\t\t\t\t<\/div>\n\t\t\t\t\t<\/div>\n\t\t<\/div>\n\t\t\t\t<div class=\"elementor-column elementor-col-33 elementor-top-column elementor-element elementor-element-36492fe\" data-id=\"36492fe\" data-element_type=\"column\" data-settings=\"{&quot;background_background&quot;:&quot;classic&quot;}\">\n\t\t\t<div class=\"elementor-widget-wrap elementor-element-populated\">\n\t\t\t\t\t\t<div class=\"elementor-element elementor-element-f211c0b elementor-view-stacked elementor-shape-circle elementor-position-top elementor-mobile-position-top elementor-widget elementor-widget-icon-box\" data-id=\"f211c0b\" data-element_type=\"widget\" data-widget_type=\"icon-box.default\">\n\t\t\t\t<div class=\"elementor-widget-container\">\n\t\t\t\t\t\t\t<div class=\"elementor-icon-box-wrapper\">\n\n\t\t\t\t\t\t<div class=\"elementor-icon-box-icon\">\n\t\t\t\t<span  class=\"elementor-icon\">\n\t\t\t\t<svg aria-hidden=\"true\" class=\"e-font-icon-svg e-fas-map-marker-alt\" viewbox=\"0 0 384 512\" xmlns=\"http:\/\/www.w3.org\/2000\/svg\"><path d=\"M172.268 501.67C26.97 291.031 0 269.413 0 192 0 85.961 85.961 0 192 0s192 85.961 192 192c0 77.413-26.97 99.031-172.268 309.67-9.535 13.774-29.93 13.773-39.464 0zM192 272c44.183 0 80-35.817 80-80s-35.817-80-80-80-80 35.817-80 80 35.817 80 80 80z\"><\/path><\/svg>\t\t\t\t<\/span>\n\t\t\t<\/div>\n\t\t\t\n\t\t\t\t\t\t<div class=\"elementor-icon-box-content\">\n\n\t\t\t\t\t\t\t\t\t<h3 class=\"elementor-icon-box-title\">\n\t\t\t\t\t\t<span  >\n\t\t\t\t\t\t\tEnderezo\t\t\t\t\t\t<\/span>\n\t\t\t\t\t<\/h3>\n\t\t\t\t\n\t\t\t\t\t\t\t\t\t<p class=\"elementor-icon-box-description\">\n\t\t\t\t\t\tLuis Calvo 13, 1\u00ba - 15100 - Carballo - A Coru\u00f1a\t\t\t\t\t<\/p>\n\t\t\t\t\n\t\t\t<\/div>\n\t\t\t\n\t\t<\/div>\n\t\t\t\t\t\t<\/div>\n\t\t\t\t<\/div>\n\t\t\t\t\t<\/div>\n\t\t<\/div>\n\t\t\t\t\t<\/div>\n\t\t<\/section>\n\t\t<div class=\"elementor-element elementor-element-acd0355 e-con-full e-flex e-con e-parent\" data-id=\"acd0355\" data-element_type=\"container\" data-settings=\"{&quot;background_background&quot;:&quot;classic&quot;}\">\n\t\t\t\t<div class=\"elementor-element elementor-element-3ce8238 elementor-widget elementor-widget-google_maps\" data-id=\"3ce8238\" data-element_type=\"widget\" data-widget_type=\"google_maps.default\">\n\t\t\t\t<div class=\"elementor-widget-container\">\n\t\t\t\t\t\t\t<div class=\"elementor-custom-embed\">\n\t\t\t<iframe loading=\"lazy\"\n\t\t\t\t\tsrc=\"https:\/\/maps.google.com\/maps?q=Luis%20Calvo%2013%2C%201%C2%BA%20-%2015100%20-%20Carballo%20-%20A%20Coru%C3%B1a&#038;t=m&#038;z=16&#038;output=embed&#038;iwloc=near\"\n\t\t\t\t\ttitle=\"Luis Calvo 13, 1\u00ba - 15100 - Carballo - A Coru\u00f1a\"\n\t\t\t\t\taria-label=\"Luis Calvo 13, 1\u00ba - 15100 - Carballo - A Coru\u00f1a\"\n\t\t\t><\/iframe>\n\t\t<\/div>\n\t\t\t\t\t\t<\/div>\n\t\t\t\t<\/div>\n\t\t\t\t<\/div>\n\t\t\t\t<\/div>","protected":false},"excerpt":{"rendered":"<p>Contacto Horario LUNES A VIERNES 9:30H A 14:00H 16:30H A 20:00H S\u00c1BADO Y DOMINGO CERRADO Tel\u00e9fono +34 981 757 196 Email info@pallasquintela.es Direcci\u00f3n Luis Calvo 13, 1\u00ba &#8211; 15100 &#8211; Carballo &#8211; A Coru\u00f1a<\/p>","protected":false},"author":1,"featured_media":0,"parent":0,"menu_order":0,"comment_status":"closed","ping_status":"closed","template":"","meta":{"neve_meta_sidebar":"default","neve_meta_container":"full-width","neve_meta_enable_content_width":"","neve_meta_content_width":0,"neve_meta_title_alignment":"center","neve_meta_author_avatar":"","neve_post_elements_order":"","neve_meta_disable_header":"","neve_meta_disable_footer":"","neve_meta_disable_title":"on","neve_meta_reading_time":"","_ti_tpc_template_sync":false,"_ti_tpc_template_id":"","footnotes":""},"class_list":["post-648","page","type-page","status-publish","hentry"],"yoast_head":"<!-- This site is optimized with the Yoast SEO plugin v26.1.1 - https:\/\/yoast.com\/wordpress\/plugins\/seo\/ -->\n<title>Contacto - Pallas Quintela<\/title>\n<meta name=\"description\" content=\"Pallas Quintela, tu gestor\u00eda integral con una misi\u00f3n clara: ofrecer un asesoramiento completo de calidad que combine profesionalidad.\" \/>\n<meta name=\"robots\" content=\"index, follow, max-snippet:-1, max-image-preview:large, max-video-preview:-1\" \/>\n<link rel=\"canonical\" href=\"https:\/\/pallasquintela.es\/gl\/contacto\/\" \/>\n<meta property=\"og:locale\" content=\"gl_ES\" \/>\n<meta property=\"og:type\" content=\"article\" \/>\n<meta property=\"og:title\" content=\"Contacto - Pallas Quintela\" \/>\n<meta property=\"og:description\" content=\"Pallas Quintela, tu gestor\u00eda integral con una misi\u00f3n clara: ofrecer un asesoramiento completo de calidad que combine profesionalidad.\" \/>\n<meta property=\"og:url\" content=\"https:\/\/pallasquintela.es\/gl\/contacto\/\" \/>\n<meta property=\"og:site_name\" content=\"Pallas Quintela\" \/>\n<meta property=\"article:modified_time\" content=\"2025-10-15T16:32:06+00:00\" \/>\n<meta property=\"og:image\" content=\"https:\/\/pallasquintela.es\/wp-content\/uploads\/2024\/12\/Diseno-sin-titulo-2.png\" \/>\n<meta name=\"twitter:card\" content=\"summary_large_image\" \/>\n<meta name=\"twitter:label1\" content=\"Tempo de lectura\" \/>\n\t<meta name=\"twitter:data1\" content=\"1 minuto\" \/>\n<script type=\"application\/ld+json\" class=\"yoast-schema-graph\">{\"@context\":\"https:\/\/schema.org\",\"@graph\":[{\"@type\":\"WebPage\",\"@id\":\"https:\/\/pallasquintela.es\/contacto\/\",\"url\":\"https:\/\/pallasquintela.es\/contacto\/\",\"name\":\"Contacto - Pallas Quintela\",\"isPartOf\":{\"@id\":\"https:\/\/pallasquintela.es\/#website\"},\"primaryImageOfPage\":{\"@id\":\"https:\/\/pallasquintela.es\/contacto\/#primaryimage\"},\"image\":{\"@id\":\"https:\/\/pallasquintela.es\/contacto\/#primaryimage\"},\"thumbnailUrl\":\"https:\/\/pallasquintela.es\/wp-content\/uploads\/2024\/12\/Diseno-sin-titulo-2.png\",\"datePublished\":\"2023-11-10T16:50:19+00:00\",\"dateModified\":\"2025-10-15T16:32:06+00:00\",\"description\":\"Pallas Quintela, tu gestor\u00eda integral con una misi\u00f3n clara: ofrecer un asesoramiento completo de calidad que combine profesionalidad.\",\"breadcrumb\":{\"@id\":\"https:\/\/pallasquintela.es\/contacto\/#breadcrumb\"},\"inLanguage\":\"gl-ES\",\"potentialAction\":[{\"@type\":\"ReadAction\",\"target\":[\"https:\/\/pallasquintela.es\/contacto\/\"]}]},{\"@type\":\"ImageObject\",\"inLanguage\":\"gl-ES\",\"@id\":\"https:\/\/pallasquintela.es\/contacto\/#primaryimage\",\"url\":\"https:\/\/pallasquintela.es\/wp-content\/uploads\/2024\/12\/Diseno-sin-titulo-2.png\",\"contentUrl\":\"https:\/\/pallasquintela.es\/wp-content\/uploads\/2024\/12\/Diseno-sin-titulo-2.png\"},{\"@type\":\"BreadcrumbList\",\"@id\":\"https:\/\/pallasquintela.es\/contacto\/#breadcrumb\",\"itemListElement\":[{\"@type\":\"ListItem\",\"position\":1,\"name\":\"Home\",\"item\":\"https:\/\/pallasquintela.es\/\"},{\"@type\":\"ListItem\",\"position\":2,\"name\":\"Contacto\"}]},{\"@type\":\"WebSite\",\"@id\":\"https:\/\/pallasquintela.es\/#website\",\"url\":\"https:\/\/pallasquintela.es\/\",\"name\":\"Pallas Quintela\",\"description\":\"Pallas Quintela\",\"potentialAction\":[{\"@type\":\"SearchAction\",\"target\":{\"@type\":\"EntryPoint\",\"urlTemplate\":\"https:\/\/pallasquintela.es\/?s={search_term_string}\"},\"query-input\":{\"@type\":\"PropertyValueSpecification\",\"valueRequired\":true,\"valueName\":\"search_term_string\"}}],\"inLanguage\":\"gl-ES\"}]}<\/script>\n<!-- \/ Yoast SEO plugin. -->","yoast_head_json":{"title":"Contacto - Pallas Quintela","description":"Pallas Quintela, tu gestor\u00eda integral con una misi\u00f3n clara: ofrecer un asesoramiento completo de calidad que combine profesionalidad.","robots":{"index":"index","follow":"follow","max-snippet":"max-snippet:-1","max-image-preview":"max-image-preview:large","max-video-preview":"max-video-preview:-1"},"canonical":"https:\/\/pallasquintela.es\/gl\/contacto\/","og_locale":"gl_ES","og_type":"article","og_title":"Contacto - Pallas Quintela","og_description":"Pallas Quintela, tu gestor\u00eda integral con una misi\u00f3n clara: ofrecer un asesoramiento completo de calidad que combine profesionalidad.","og_url":"https:\/\/pallasquintela.es\/gl\/contacto\/","og_site_name":"Pallas Quintela","article_modified_time":"2025-10-15T16:32:06+00:00","og_image":[{"url":"https:\/\/pallasquintela.es\/wp-content\/uploads\/2024\/12\/Diseno-sin-titulo-2.png","type":"","width":"","height":""}],"twitter_card":"summary_large_image","twitter_misc":{"Tempo de lectura":"1 minuto"},"schema":{"@context":"https:\/\/schema.org","@graph":[{"@type":"WebPage","@id":"https:\/\/pallasquintela.es\/contacto\/","url":"https:\/\/pallasquintela.es\/contacto\/","name":"Contacto - Pallas Quintela","isPartOf":{"@id":"https:\/\/pallasquintela.es\/#website"},"primaryImageOfPage":{"@id":"https:\/\/pallasquintela.es\/contacto\/#primaryimage"},"image":{"@id":"https:\/\/pallasquintela.es\/contacto\/#primaryimage"},"thumbnailUrl":"https:\/\/pallasquintela.es\/wp-content\/uploads\/2024\/12\/Diseno-sin-titulo-2.png","datePublished":"2023-11-10T16:50:19+00:00","dateModified":"2025-10-15T16:32:06+00:00","description":"Pallas Quintela, tu gestor\u00eda integral con una misi\u00f3n clara: ofrecer un asesoramiento completo de calidad que combine profesionalidad.","breadcrumb":{"@id":"https:\/\/pallasquintela.es\/contacto\/#breadcrumb"},"inLanguage":"gl-ES","potentialAction":[{"@type":"ReadAction","target":["https:\/\/pallasquintela.es\/contacto\/"]}]},{"@type":"ImageObject","inLanguage":"gl-ES","@id":"https:\/\/pallasquintela.es\/contacto\/#primaryimage","url":"https:\/\/pallasquintela.es\/wp-content\/uploads\/2024\/12\/Diseno-sin-titulo-2.png","contentUrl":"https:\/\/pallasquintela.es\/wp-content\/uploads\/2024\/12\/Diseno-sin-titulo-2.png"},{"@type":"BreadcrumbList","@id":"https:\/\/pallasquintela.es\/contacto\/#breadcrumb","itemListElement":[{"@type":"ListItem","position":1,"name":"Home","item":"https:\/\/pallasquintela.es\/"},{"@type":"ListItem","position":2,"name":"Contacto"}]},{"@type":"WebSite","@id":"https:\/\/pallasquintela.es\/#website","url":"https:\/\/pallasquintela.es\/","name":"Pallas Quintela","description":"Pallas Quintela","potentialAction":[{"@type":"SearchAction","target":{"@type":"EntryPoint","urlTemplate":"https:\/\/pallasquintela.es\/?s={search_term_string}"},"query-input":{"@type":"PropertyValueSpecification","valueRequired":true,"valueName":"search_term_string"}}],"inLanguage":"gl-ES"}]}},"_links":{"self":[{"href":"https:\/\/pallasquintela.es\/gl\/wp-json\/wp\/v2\/pages\/648","targetHints":{"allow":["GET"]}}],"collection":[{"href":"https:\/\/pallasquintela.es\/gl\/wp-json\/wp\/v2\/pages"}],"about":[{"href":"https:\/\/pallasquintela.es\/gl\/wp-json\/wp\/v2\/types\/page"}],"author":[{"embeddable":true,"href":"https:\/\/pallasquintela.es\/gl\/wp-json\/wp\/v2\/users\/1"}],"replies":[{"embeddable":true,"href":"https:\/\/pallasquintela.es\/gl\/wp-json\/wp\/v2\/comments?post=648"}],"version-history":[{"count":83,"href":"https:\/\/pallasquintela.es\/gl\/wp-json\/wp\/v2\/pages\/648\/revisions"}],"predecessor-version":[{"id":1580,"href":"https:\/\/pallasquintela.es\/gl\/wp-json\/wp\/v2\/pages\/648\/revisions\/1580"}],"wp:attachment":[{"href":"https:\/\/pallasquintela.es\/gl\/wp-json\/wp\/v2\/media?parent=648"}],"curies":[{"name":"wp","href":"https:\/\/api.w.org\/{rel}","templated":true}]}}