{"id":593,"date":"2020-01-13T11:08:58","date_gmt":"2020-01-13T11:08:58","guid":{"rendered":"https:\/\/demosites.io\/web-agency\/?page_id=5"},"modified":"2026-01-19T17:37:35","modified_gmt":"2026-01-19T16:37:35","slug":"inicio","status":"publish","type":"page","link":"https:\/\/pallasquintela.es\/gl\/","title":{"rendered":"Inicio"},"content":{"rendered":"<div data-elementor-type=\"wp-page\" data-elementor-id=\"593\" class=\"elementor elementor-593\">\n\t\t\t\t\t\t<section class=\"elementor-section elementor-top-section elementor-element elementor-element-6e785a1 elementor-section-height-min-height elementor-section-full_width elementor-section-height-default elementor-section-items-middle\" data-id=\"6e785a1\" data-element_type=\"section\" data-settings=\"{&quot;background_background&quot;:&quot;slideshow&quot;,&quot;background_slideshow_gallery&quot;:[{&quot;id&quot;:1477,&quot;url&quot;:&quot;https:\\\/\\\/pallasquintela.es\\\/wp-content\\\/uploads\\\/2024\\\/12\\\/Diseno-sin-titulo-5.png&quot;},{&quot;id&quot;:1550,&quot;url&quot;:&quot;https:\\\/\\\/pallasquintela.es\\\/wp-content\\\/uploads\\\/2024\\\/12\\\/Diseno-sin-titulo-6.png&quot;}],&quot;background_slideshow_loop&quot;:&quot;yes&quot;,&quot;background_slideshow_slide_duration&quot;:5000,&quot;background_slideshow_slide_transition&quot;:&quot;fade&quot;,&quot;background_slideshow_transition_duration&quot;:500}\">\n\t\t\t\t\t\t\t<div class=\"elementor-background-overlay\"><\/div>\n\t\t\t\t\t\t\t<div class=\"elementor-container elementor-column-gap-default\">\n\t\t\t\t\t<div class=\"elementor-column elementor-col-100 elementor-top-column elementor-element elementor-element-93529e5\" data-id=\"93529e5\" data-element_type=\"column\">\n\t\t\t<div class=\"elementor-widget-wrap elementor-element-populated\">\n\t\t\t\t\t\t<section class=\"elementor-section elementor-inner-section elementor-element elementor-element-e265486 elementor-section-boxed elementor-section-height-default elementor-section-height-default\" data-id=\"e265486\" data-element_type=\"section\">\n\t\t\t\t\t\t<div class=\"elementor-container elementor-column-gap-default\">\n\t\t\t\t\t<div class=\"elementor-column elementor-col-50 elementor-inner-column elementor-element elementor-element-e4dd889\" data-id=\"e4dd889\" data-element_type=\"column\">\n\t\t\t<div class=\"elementor-widget-wrap\">\n\t\t\t\t\t\t\t<\/div>\n\t\t<\/div>\n\t\t\t\t<div class=\"elementor-column elementor-col-50 elementor-inner-column elementor-element elementor-element-1597b42\" data-id=\"1597b42\" data-element_type=\"column\">\n\t\t\t<div class=\"elementor-widget-wrap elementor-element-populated\">\n\t\t\t\t\t\t<div class=\"elementor-element elementor-element-29cc637 elementor-align-left elementor-widget elementor-widget-button\" data-id=\"29cc637\" data-element_type=\"widget\" data-widget_type=\"button.default\">\n\t\t\t\t<div class=\"elementor-widget-container\">\n\t\t\t\t\t\t\t\t\t<div class=\"elementor-button-wrapper\">\n\t\t\t\t\t<a class=\"elementor-button elementor-button-link elementor-size-lg elementor-animation-grow\" href=\"\/gl\/sobre_nosotros\/\">\n\t\t\t\t\t\t<span class=\"elementor-button-content-wrapper\">\n\t\t\t\t\t\t\t\t\t<span class=\"elementor-button-text\">Sobre n\u00f3s<\/span>\n\t\t\t\t\t<\/span>\n\t\t\t\t\t<\/a>\n\t\t\t\t<\/div>\n\t\t\t\t\t\t\t\t<\/div>\n\t\t\t\t<\/div>\n\t\t\t\t\t<\/div>\n\t\t<\/div>\n\t\t\t\t\t<\/div>\n\t\t<\/section>\n\t\t\t\t\t<\/div>\n\t\t<\/div>\n\t\t\t\t\t<\/div>\n\t\t<\/section>\n\t\t<div class=\"elementor-element elementor-element-3b43177 e-con-full e-flex e-con e-parent\" data-id=\"3b43177\" data-element_type=\"container\">\n\t\t\t\t<div class=\"elementor-element elementor-element-d1001f6 elementor-widget elementor-widget-heading\" data-id=\"d1001f6\" data-element_type=\"widget\" data-widget_type=\"heading.default\">\n\t\t\t\t<div class=\"elementor-widget-container\">\n\t\t\t\t\t<h1 class=\"elementor-heading-title elementor-size-default\">A t\u00faa xestor\u00eda integral en Carballo<\/h1>\t\t\t\t<\/div>\n\t\t\t\t<\/div>\n\t\t\t\t<\/div>\n\t\t\t\t<section class=\"elementor-section elementor-top-section elementor-element elementor-element-2024d7c elementor-section-full_width elementor-section-height-default elementor-section-height-default\" data-id=\"2024d7c\" data-element_type=\"section\" data-settings=\"{&quot;background_background&quot;:&quot;classic&quot;}\">\n\t\t\t\t\t\t<div class=\"elementor-container elementor-column-gap-default\">\n\t\t\t\t\t<div class=\"elementor-column elementor-col-100 elementor-top-column elementor-element elementor-element-6894387\" data-id=\"6894387\" data-element_type=\"column\">\n\t\t\t<div class=\"elementor-widget-wrap elementor-element-populated\">\n\t\t\t\t\t\t<section class=\"elementor-section elementor-inner-section elementor-element elementor-element-d1b1033 elementor-section-content-middle elementor-section-boxed elementor-section-height-default elementor-section-height-default\" data-id=\"d1b1033\" data-element_type=\"section\">\n\t\t\t\t\t\t<div class=\"elementor-container elementor-column-gap-default\">\n\t\t\t\t\t<div class=\"elementor-column elementor-col-50 elementor-inner-column elementor-element elementor-element-4abeb70\" data-id=\"4abeb70\" data-element_type=\"column\">\n\t\t\t<div class=\"elementor-widget-wrap elementor-element-populated\">\n\t\t\t\t\t\t<div class=\"elementor-element elementor-element-007b358 elementor-widget elementor-widget-image\" data-id=\"007b358\" data-element_type=\"widget\" data-widget_type=\"image.default\">\n\t\t\t\t<div class=\"elementor-widget-container\">\n\t\t\t\t\t\t\t\t\t\t\t\t\t\t\t<img fetchpriority=\"high\" decoding=\"async\" width=\"438\" height=\"371\" src=\"https:\/\/pallasquintela.es\/wp-content\/uploads\/2024\/11\/equipo2.png\" class=\"attachment-large size-large wp-image-1348\" alt=\"\" srcset=\"https:\/\/pallasquintela.es\/wp-content\/uploads\/2024\/11\/equipo2.png 438w, https:\/\/pallasquintela.es\/wp-content\/uploads\/2024\/11\/equipo2-300x254.png 300w, https:\/\/pallasquintela.es\/wp-content\/uploads\/2024\/11\/equipo2-14x12.png 14w\" sizes=\"(max-width: 438px) 100vw, 438px\" \/>\t\t\t\t\t\t\t\t\t\t\t\t\t\t\t<\/div>\n\t\t\t\t<\/div>\n\t\t\t\t\t<\/div>\n\t\t<\/div>\n\t\t\t\t<div class=\"elementor-column elementor-col-50 elementor-inner-column elementor-element elementor-element-6a2e88e\" data-id=\"6a2e88e\" data-element_type=\"column\" data-settings=\"{&quot;background_background&quot;:&quot;classic&quot;}\">\n\t\t\t<div class=\"elementor-widget-wrap elementor-element-populated\">\n\t\t\t\t\t\t<div class=\"elementor-element elementor-element-deadddd elementor-widget elementor-widget-heading\" data-id=\"deadddd\" data-element_type=\"widget\" data-widget_type=\"heading.default\">\n\t\t\t\t<div class=\"elementor-widget-container\">\n\t\t\t\t\t<h2 class=\"elementor-heading-title elementor-size-default\">Servizos<\/h2>\t\t\t\t<\/div>\n\t\t\t\t<\/div>\n\t\t\t\t<div class=\"elementor-element elementor-element-93bf0f1 elementor-widget__width-initial elementor-widget elementor-widget-text-editor\" data-id=\"93bf0f1\" data-element_type=\"widget\" data-widget_type=\"text-editor.default\">\n\t\t\t\t<div class=\"elementor-widget-container\">\n\t\t\t\t\t\t\t\t\t<p>As nosas \u00e1reas de traballo:<\/p><ul><li>Contable<\/li><li>Econ\u00f3mica<\/li><li>Asesor\u00eda<\/li><li>Laboral<\/li><li>Fiscal<\/li><\/ul>\t\t\t\t\t\t\t\t<\/div>\n\t\t\t\t<\/div>\n\t\t\t\t\t<\/div>\n\t\t<\/div>\n\t\t\t\t\t<\/div>\n\t\t<\/section>\n\t\t\t\t\t<\/div>\n\t\t<\/div>\n\t\t\t\t\t<\/div>\n\t\t<\/section>\n\t\t\t\t<section class=\"elementor-section elementor-top-section elementor-element elementor-element-f1fb6fc elementor-section-full_width elementor-section-height-default elementor-section-height-default\" data-id=\"f1fb6fc\" data-element_type=\"section\" data-settings=\"{&quot;background_background&quot;:&quot;classic&quot;}\">\n\t\t\t\t\t\t<div class=\"elementor-container elementor-column-gap-default\">\n\t\t\t\t\t<div class=\"elementor-column elementor-col-100 elementor-top-column elementor-element elementor-element-b6b3cc7\" data-id=\"b6b3cc7\" data-element_type=\"column\">\n\t\t\t<div class=\"elementor-widget-wrap elementor-element-populated\">\n\t\t\t\t\t\t<section class=\"elementor-section elementor-inner-section elementor-element elementor-element-0d29cf8 elementor-section-content-middle elementor-section-boxed elementor-section-height-default elementor-section-height-default\" data-id=\"0d29cf8\" data-element_type=\"section\">\n\t\t\t\t\t\t<div class=\"elementor-container elementor-column-gap-default\">\n\t\t\t\t\t<div class=\"elementor-column elementor-col-50 elementor-inner-column elementor-element elementor-element-c03acf2\" data-id=\"c03acf2\" data-element_type=\"column\">\n\t\t\t<div class=\"elementor-widget-wrap elementor-element-populated\">\n\t\t\t\t\t\t<div class=\"elementor-element elementor-element-9a1976a elementor-widget elementor-widget-image\" data-id=\"9a1976a\" data-element_type=\"widget\" data-widget_type=\"image.default\">\n\t\t\t\t<div class=\"elementor-widget-container\">\n\t\t\t\t\t\t\t\t\t\t\t\t\t\t\t<img decoding=\"async\" width=\"1024\" height=\"576\" src=\"https:\/\/pallasquintela.es\/wp-content\/uploads\/2024\/12\/Diseno-sin-titulo-2-1024x576.png\" class=\"attachment-large size-large wp-image-1460\" alt=\"\" srcset=\"https:\/\/pallasquintela.es\/wp-content\/uploads\/2024\/12\/Diseno-sin-titulo-2-1024x576.png 1024w, https:\/\/pallasquintela.es\/wp-content\/uploads\/2024\/12\/Diseno-sin-titulo-2-300x169.png 300w, https:\/\/pallasquintela.es\/wp-content\/uploads\/2024\/12\/Diseno-sin-titulo-2-768x432.png 768w, https:\/\/pallasquintela.es\/wp-content\/uploads\/2024\/12\/Diseno-sin-titulo-2-18x10.png 18w, https:\/\/pallasquintela.es\/wp-content\/uploads\/2024\/12\/Diseno-sin-titulo-2.png 1366w\" sizes=\"(max-width: 1024px) 100vw, 1024px\" \/>\t\t\t\t\t\t\t\t\t\t\t\t\t\t\t<\/div>\n\t\t\t\t<\/div>\n\t\t\t\t<div class=\"elementor-element elementor-element-d1850d1 elementor-align-center elementor-widget elementor-widget-button\" data-id=\"d1850d1\" data-element_type=\"widget\" data-widget_type=\"button.default\">\n\t\t\t\t<div class=\"elementor-widget-container\">\n\t\t\t\t\t\t\t\t\t<div class=\"elementor-button-wrapper\">\n\t\t\t\t\t<a class=\"elementor-button elementor-button-link elementor-size-lg elementor-animation-grow\" href=\"\/gl\/sobre_nosotros\/\">\n\t\t\t\t\t\t<span class=\"elementor-button-content-wrapper\">\n\t\t\t\t\t\t\t\t\t<span class=\"elementor-button-text\">Vexa sobre n\u00f3s<\/span>\n\t\t\t\t\t<\/span>\n\t\t\t\t\t<\/a>\n\t\t\t\t<\/div>\n\t\t\t\t\t\t\t\t<\/div>\n\t\t\t\t<\/div>\n\t\t\t\t\t<\/div>\n\t\t<\/div>\n\t\t\t\t<div class=\"elementor-column elementor-col-50 elementor-inner-column elementor-element elementor-element-545ba63\" data-id=\"545ba63\" data-element_type=\"column\" data-settings=\"{&quot;background_background&quot;:&quot;classic&quot;}\">\n\t\t\t<div class=\"elementor-widget-wrap elementor-element-populated\">\n\t\t\t\t\t\t<div class=\"elementor-element elementor-element-b2bfc86 elementor-widget elementor-widget-heading\" data-id=\"b2bfc86\" data-element_type=\"widget\" data-widget_type=\"heading.default\">\n\t\t\t\t<div class=\"elementor-widget-container\">\n\t\t\t\t\t<h2 class=\"elementor-heading-title elementor-size-default\">Sobre n\u00f3s<\/h2>\t\t\t\t<\/div>\n\t\t\t\t<\/div>\n\t\t\t\t<div class=\"elementor-element elementor-element-fa1bbe3 elementor-widget__width-initial elementor-widget elementor-widget-text-editor\" data-id=\"fa1bbe3\" data-element_type=\"widget\" data-widget_type=\"text-editor.default\">\n\t\t\t\t<div class=\"elementor-widget-container\">\n\t\t\t\t\t\t\t\t\t<p>Somos os irm\u00e1ns Pallas Quintela, dous directivos cunha misi\u00f3n clara: ofrecer un asesoramento integral e de alta calidade que combine profesionalidade e empat\u00eda. A nosa estratexia bas\u00e9ase na proximidade, a transparencia e o compromiso cos nosos clientes.<\/p><p>Nas nosas oficinas, atopar\u00e1 un lugar onde o seu caso ser\u00e1 tratado coa m\u00e1xima dedicaci\u00f3n, estudando cada detalle para defender os seus intereses da mellor maneira posible.<\/p>\t\t\t\t\t\t\t\t<\/div>\n\t\t\t\t<\/div>\n\t\t\t\t\t<\/div>\n\t\t<\/div>\n\t\t\t\t\t<\/div>\n\t\t<\/section>\n\t\t\t\t\t<\/div>\n\t\t<\/div>\n\t\t\t\t\t<\/div>\n\t\t<\/section>\n\t\t<div class=\"elementor-element elementor-element-50f03a3 e-flex e-con-boxed e-con e-parent\" data-id=\"50f03a3\" data-element_type=\"container\">\n\t\t\t\t\t<div class=\"e-con-inner\">\n\t\t\t\t<div class=\"elementor-element elementor-element-bd0dcec elementor-widget elementor-widget-image\" data-id=\"bd0dcec\" data-element_type=\"widget\" data-widget_type=\"image.default\">\n\t\t\t\t<div class=\"elementor-widget-container\">\n\t\t\t\t\t\t\t\t\t\t\t\t\t\t\t\t<a href=\"https:\/\/pallasquintela.es\/wp-content\/uploads\/2026\/01\/cartel_PEL_defintivo.png\" data-elementor-open-lightbox=\"yes\" data-elementor-lightbox-title=\"cartel_PEL_defintivo\" data-e-action-hash=\"#elementor-action%3Aaction%3Dlightbox%26settings%3DeyJpZCI6MTU5MiwidXJsIjoiaHR0cHM6XC9cL3BhbGxhc3F1aW50ZWxhLmVzXC93cC1jb250ZW50XC91cGxvYWRzXC8yMDI2XC8wMVwvY2FydGVsX1BFTF9kZWZpbnRpdm8ucG5nIn0%3D\">\n\t\t\t\t\t\t\t<img decoding=\"async\" width=\"300\" height=\"212\" src=\"https:\/\/pallasquintela.es\/wp-content\/uploads\/2026\/01\/cartel_PEL_defintivo-300x212.png\" class=\"attachment-medium size-medium wp-image-1592\" alt=\"\" srcset=\"https:\/\/pallasquintela.es\/wp-content\/uploads\/2026\/01\/cartel_PEL_defintivo-300x212.png 300w, https:\/\/pallasquintela.es\/wp-content\/uploads\/2026\/01\/cartel_PEL_defintivo-1024x724.png 1024w, https:\/\/pallasquintela.es\/wp-content\/uploads\/2026\/01\/cartel_PEL_defintivo-768x543.png 768w, https:\/\/pallasquintela.es\/wp-content\/uploads\/2026\/01\/cartel_PEL_defintivo-1536x1086.png 1536w, https:\/\/pallasquintela.es\/wp-content\/uploads\/2026\/01\/cartel_PEL_defintivo-18x12.png 18w, https:\/\/pallasquintela.es\/wp-content\/uploads\/2026\/01\/cartel_PEL_defintivo.png 1754w\" sizes=\"(max-width: 300px) 100vw, 300px\" \/>\t\t\t\t\t\t\t\t<\/a>\n\t\t\t\t\t\t\t\t\t\t\t\t\t\t\t<\/div>\n\t\t\t\t<\/div>\n\t\t\t\t\t<\/div>\n\t\t\t\t<\/div>\n\t\t\t\t<\/div>","protected":false},"excerpt":{"rendered":"<p>Sobre Nosotros Tu gestor\u00eda integral en Carballo Servicios Nuestras \u00e1reas de trabajo: Contable Econ\u00f3mica Asesor\u00eda Laboral Fiscal Ver Sobre Nosotros Sobre Nosotros Somos los hermanos Pallas Quintela, dos gestores con una misi\u00f3n clara: ofrecer un asesoramiento completo de calidad que combine profesionalismo y empat\u00eda. Nuestro enfoque se basa en la cercan\u00eda, la transparencia y el&hellip;&nbsp;<a href=\"https:\/\/pallasquintela.es\/gl\/\" rel=\"bookmark\">Read More &raquo;<span class=\"screen-reader-text\">Inicio<\/span><\/a><\/p>","protected":false},"author":1,"featured_media":1477,"parent":0,"menu_order":0,"comment_status":"closed","ping_status":"closed","template":"","meta":{"neve_meta_sidebar":"default","neve_meta_container":"full-width","neve_meta_enable_content_width":"on","neve_meta_content_width":100,"neve_meta_title_alignment":"left","neve_meta_author_avatar":"","neve_post_elements_order":"","neve_meta_disable_header":"","neve_meta_disable_footer":"","neve_meta_disable_title":"on","neve_meta_reading_time":"","_ti_tpc_template_sync":false,"_ti_tpc_template_id":"6rwc3b6ltwrjqlusx79v","footnotes":""},"class_list":["post-593","page","type-page","status-publish","has-post-thumbnail","hentry"],"yoast_head":"<!-- This site is optimized with the Yoast SEO plugin v26.1.1 - https:\/\/yoast.com\/wordpress\/plugins\/seo\/ -->\n<title>Inicio - Pallas Quintela<\/title>\n<meta name=\"description\" content=\"Pallas Quintela, tu gestor\u00eda integral con una misi\u00f3n clara: ofrecer un asesoramiento completo de calidad que combine profesionalidad.\" \/>\n<meta name=\"robots\" content=\"index, follow, max-snippet:-1, max-image-preview:large, max-video-preview:-1\" \/>\n<link rel=\"canonical\" href=\"https:\/\/pallasquintela.es\/gl\/\" \/>\n<meta property=\"og:locale\" content=\"gl_ES\" \/>\n<meta property=\"og:type\" content=\"article\" \/>\n<meta property=\"og:title\" content=\"Inicio - Pallas Quintela\" \/>\n<meta property=\"og:description\" content=\"Pallas Quintela, tu gestor\u00eda integral con una misi\u00f3n clara: ofrecer un asesoramiento completo de calidad que combine profesionalidad.\" \/>\n<meta property=\"og:url\" content=\"https:\/\/pallasquintela.es\/gl\/\" \/>\n<meta property=\"og:site_name\" content=\"Pallas Quintela\" \/>\n<meta property=\"article:modified_time\" content=\"2026-01-19T16:37:35+00:00\" \/>\n<meta property=\"og:image\" content=\"https:\/\/pallasquintela.es\/wp-content\/uploads\/2024\/12\/Diseno-sin-titulo-5.png\" \/>\n\t<meta property=\"og:image:width\" content=\"1366\" \/>\n\t<meta property=\"og:image:height\" content=\"768\" \/>\n\t<meta property=\"og:image:type\" content=\"image\/png\" \/>\n<meta name=\"twitter:card\" content=\"summary_large_image\" \/>\n<meta name=\"twitter:label1\" content=\"Tempo de lectura\" \/>\n\t<meta name=\"twitter:data1\" content=\"1 minuto\" \/>\n<script type=\"application\/ld+json\" class=\"yoast-schema-graph\">{\"@context\":\"https:\/\/schema.org\",\"@graph\":[{\"@type\":\"WebPage\",\"@id\":\"https:\/\/pallasquintela.es\/\",\"url\":\"https:\/\/pallasquintela.es\/\",\"name\":\"Inicio - Pallas Quintela\",\"isPartOf\":{\"@id\":\"https:\/\/pallasquintela.es\/#website\"},\"primaryImageOfPage\":{\"@id\":\"https:\/\/pallasquintela.es\/#primaryimage\"},\"image\":{\"@id\":\"https:\/\/pallasquintela.es\/#primaryimage\"},\"thumbnailUrl\":\"https:\/\/pallasquintela.es\/wp-content\/uploads\/2024\/12\/Diseno-sin-titulo-5.png\",\"datePublished\":\"2020-01-13T11:08:58+00:00\",\"dateModified\":\"2026-01-19T16:37:35+00:00\",\"description\":\"Pallas Quintela, tu gestor\u00eda integral con una misi\u00f3n clara: ofrecer un asesoramiento completo de calidad que combine profesionalidad.\",\"breadcrumb\":{\"@id\":\"https:\/\/pallasquintela.es\/#breadcrumb\"},\"inLanguage\":\"gl-ES\",\"potentialAction\":[{\"@type\":\"ReadAction\",\"target\":[\"https:\/\/pallasquintela.es\/\"]}]},{\"@type\":\"ImageObject\",\"inLanguage\":\"gl-ES\",\"@id\":\"https:\/\/pallasquintela.es\/#primaryimage\",\"url\":\"https:\/\/pallasquintela.es\/wp-content\/uploads\/2024\/12\/Diseno-sin-titulo-5.png\",\"contentUrl\":\"https:\/\/pallasquintela.es\/wp-content\/uploads\/2024\/12\/Diseno-sin-titulo-5.png\",\"width\":1366,\"height\":768},{\"@type\":\"BreadcrumbList\",\"@id\":\"https:\/\/pallasquintela.es\/#breadcrumb\",\"itemListElement\":[{\"@type\":\"ListItem\",\"position\":1,\"name\":\"Home\",\"item\":\"https:\/\/pallasquintela.es\/\"},{\"@type\":\"ListItem\",\"position\":2,\"name\":\"Inicio\"}]},{\"@type\":\"WebSite\",\"@id\":\"https:\/\/pallasquintela.es\/#website\",\"url\":\"https:\/\/pallasquintela.es\/\",\"name\":\"Pallas Quintela\",\"description\":\"Pallas Quintela\",\"potentialAction\":[{\"@type\":\"SearchAction\",\"target\":{\"@type\":\"EntryPoint\",\"urlTemplate\":\"https:\/\/pallasquintela.es\/?s={search_term_string}\"},\"query-input\":{\"@type\":\"PropertyValueSpecification\",\"valueRequired\":true,\"valueName\":\"search_term_string\"}}],\"inLanguage\":\"gl-ES\"}]}<\/script>\n<!-- \/ Yoast SEO plugin. -->","yoast_head_json":{"title":"Inicio - Pallas Quintela","description":"Pallas Quintela, tu gestor\u00eda integral con una misi\u00f3n clara: ofrecer un asesoramiento completo de calidad que combine profesionalidad.","robots":{"index":"index","follow":"follow","max-snippet":"max-snippet:-1","max-image-preview":"max-image-preview:large","max-video-preview":"max-video-preview:-1"},"canonical":"https:\/\/pallasquintela.es\/gl\/","og_locale":"gl_ES","og_type":"article","og_title":"Inicio - Pallas Quintela","og_description":"Pallas Quintela, tu gestor\u00eda integral con una misi\u00f3n clara: ofrecer un asesoramiento completo de calidad que combine profesionalidad.","og_url":"https:\/\/pallasquintela.es\/gl\/","og_site_name":"Pallas Quintela","article_modified_time":"2026-01-19T16:37:35+00:00","og_image":[{"width":1366,"height":768,"url":"https:\/\/pallasquintela.es\/wp-content\/uploads\/2024\/12\/Diseno-sin-titulo-5.png","type":"image\/png"}],"twitter_card":"summary_large_image","twitter_misc":{"Tempo de lectura":"1 minuto"},"schema":{"@context":"https:\/\/schema.org","@graph":[{"@type":"WebPage","@id":"https:\/\/pallasquintela.es\/","url":"https:\/\/pallasquintela.es\/","name":"Inicio - Pallas Quintela","isPartOf":{"@id":"https:\/\/pallasquintela.es\/#website"},"primaryImageOfPage":{"@id":"https:\/\/pallasquintela.es\/#primaryimage"},"image":{"@id":"https:\/\/pallasquintela.es\/#primaryimage"},"thumbnailUrl":"https:\/\/pallasquintela.es\/wp-content\/uploads\/2024\/12\/Diseno-sin-titulo-5.png","datePublished":"2020-01-13T11:08:58+00:00","dateModified":"2026-01-19T16:37:35+00:00","description":"Pallas Quintela, tu gestor\u00eda integral con una misi\u00f3n clara: ofrecer un asesoramiento completo de calidad que combine profesionalidad.","breadcrumb":{"@id":"https:\/\/pallasquintela.es\/#breadcrumb"},"inLanguage":"gl-ES","potentialAction":[{"@type":"ReadAction","target":["https:\/\/pallasquintela.es\/"]}]},{"@type":"ImageObject","inLanguage":"gl-ES","@id":"https:\/\/pallasquintela.es\/#primaryimage","url":"https:\/\/pallasquintela.es\/wp-content\/uploads\/2024\/12\/Diseno-sin-titulo-5.png","contentUrl":"https:\/\/pallasquintela.es\/wp-content\/uploads\/2024\/12\/Diseno-sin-titulo-5.png","width":1366,"height":768},{"@type":"BreadcrumbList","@id":"https:\/\/pallasquintela.es\/#breadcrumb","itemListElement":[{"@type":"ListItem","position":1,"name":"Home","item":"https:\/\/pallasquintela.es\/"},{"@type":"ListItem","position":2,"name":"Inicio"}]},{"@type":"WebSite","@id":"https:\/\/pallasquintela.es\/#website","url":"https:\/\/pallasquintela.es\/","name":"Pallas Quintela","description":"Pallas Quintela","potentialAction":[{"@type":"SearchAction","target":{"@type":"EntryPoint","urlTemplate":"https:\/\/pallasquintela.es\/?s={search_term_string}"},"query-input":{"@type":"PropertyValueSpecification","valueRequired":true,"valueName":"search_term_string"}}],"inLanguage":"gl-ES"}]}},"_links":{"self":[{"href":"https:\/\/pallasquintela.es\/gl\/wp-json\/wp\/v2\/pages\/593","targetHints":{"allow":["GET"]}}],"collection":[{"href":"https:\/\/pallasquintela.es\/gl\/wp-json\/wp\/v2\/pages"}],"about":[{"href":"https:\/\/pallasquintela.es\/gl\/wp-json\/wp\/v2\/types\/page"}],"author":[{"embeddable":true,"href":"https:\/\/pallasquintela.es\/gl\/wp-json\/wp\/v2\/users\/1"}],"replies":[{"embeddable":true,"href":"https:\/\/pallasquintela.es\/gl\/wp-json\/wp\/v2\/comments?post=593"}],"version-history":[{"count":131,"href":"https:\/\/pallasquintela.es\/gl\/wp-json\/wp\/v2\/pages\/593\/revisions"}],"predecessor-version":[{"id":1595,"href":"https:\/\/pallasquintela.es\/gl\/wp-json\/wp\/v2\/pages\/593\/revisions\/1595"}],"wp:featuredmedia":[{"embeddable":true,"href":"https:\/\/pallasquintela.es\/gl\/wp-json\/wp\/v2\/media\/1477"}],"wp:attachment":[{"href":"https:\/\/pallasquintela.es\/gl\/wp-json\/wp\/v2\/media?parent=593"}],"curies":[{"name":"wp","href":"https:\/\/api.w.org\/{rel}","templated":true}]}}