{"id":3,"date":"2023-11-02T18:38:36","date_gmt":"2023-11-02T17:38:36","guid":{"rendered":"https:\/\/pallasquintela.es\/?page_id=3"},"modified":"2025-10-15T18:32:37","modified_gmt":"2025-10-15T16:32:37","slug":"politica-privacidad","status":"publish","type":"page","link":"https:\/\/pallasquintela.es\/gl\/politica-privacidad\/","title":{"rendered":"Aviso Legal e Privacidade"},"content":{"rendered":"<div data-elementor-type=\"wp-page\" data-elementor-id=\"3\" class=\"elementor elementor-3\">\n\t\t\t\t<div class=\"elementor-element elementor-element-524dc519 e-flex e-con-boxed e-con e-parent\" data-id=\"524dc519\" data-element_type=\"container\">\n\t\t\t\t\t<div class=\"e-con-inner\">\n\t\t\t\t<div class=\"elementor-element elementor-element-7012d293 elementor-widget elementor-widget-text-editor\" data-id=\"7012d293\" data-element_type=\"widget\" data-widget_type=\"text-editor.default\">\n\t\t\t\t<div class=\"elementor-widget-container\">\n\t\t\t\t\t\t\t\t\t<h3>1. IDENTIFICACI\u00d3N Y TITULARIDAD<\/h3><p>En cumplimiento del art\u00edculo 10 de la Ley 34 \/ 2002, de 11 de julio, de Servicios de la Sociedad de la Informaci\u00f3n y Comercio Electr\u00f3nico, el Titular expone sus datos identificativos.<\/p><p><strong>Titular:<\/strong>\u00a0Maria Dolores Pallas Quintela<\/p><p><strong>NIF: <\/strong>32799776M<\/p><p><strong>Domicilio:<\/strong> Luis Calvo 13, 1\u00ba &#8211; 15100 &#8211; Carballo &#8211; A Coru\u00f1a<\/p><p><strong>Correo electr\u00f3nico:<\/strong> <a href=\"mailto:info@pallasquintela.es\">info@pallasquintela.es<\/a><\/p><p><strong>Sitio Web URL:<\/strong> <a href=\"https:\/\/pallasquintela.es\/gl\/\">https:\/\/pallasquintela.es\/<\/a><\/p><h3>2. FINALIDAD<\/h3><p>La finalidad del sitio Web URL es mostrar los servicios que se pueden proporcionar y permitir el contacto de posibles clientes.<\/p><h3>3. CONDICIONES DE USO<\/h3><p>La utilizaci\u00f3n del sitio Web le otorga la condici\u00f3n de Usuario, e implica la aceptaci\u00f3n completa de todas las cl\u00e1usulas y condiciones de uso incluidas en esta p\u00e1gina. Si no estuviera conforme con todas y cada una de estas cl\u00e1usulas y condiciones abst\u00e9ngase de utilizar este sitio Web. El acceso a este sitio Web no supone, en modo alguno, el inicio de una relaci\u00f3n comercial con el Titular. A trav\u00e9s de este sitio Web, el Titular le facilita el acceso y la utilizaci\u00f3n de diversos contenidos que el Titular o sus colaboradores han publicado por medio de Internet. A tal efecto, usted est\u00e1 obligado y comprometido a NO utilizar cualquiera de los contenidos del sitio Web con fines o efectos il\u00edcitos, prohibidos en este Aviso Legal o por la legislaci\u00f3n vigente, lesivos de los derechos e intereses de terceros, o que de cualquier forma puedan da\u00f1ar, inutilizar, sobrecargar, deteriorar o impedir la normal utilizaci\u00f3n de los contenidos, los equipos inform\u00e1ticos o los documentos, archivos y toda clase de contenidos almacenados en cualquier equipo inform\u00e1tico propios o contratados por el Titular, de otros usuarios o de cualquier usuario de Internet.<\/p><h3>4. CONTENIDOS<\/h3><p>El Titular ha obtenido la informaci\u00f3n, el contenido multimedia y los materiales incluidos en el sitio Web de fuentes que considera fiables, pero, si bien ha tomado todas las medidas razonables para asegurar que la informaci\u00f3n contenida es correcta, el Titular no garantiza que sea exacta, completa o actualizada. El Titular declina expresamente cualquier responsabilidad por error u omisi\u00f3n en la informaci\u00f3n contenida en las p\u00e1ginas de este sitio Web. Queda prohibido transmitir o enviar a trav\u00e9s del sitio Web cualquier contenido ilegal o il\u00edcito, virus inform\u00e1ticos, o mensajes que, en general, afecten o violen derechos de el Titular o de terceros. Los contenidos del Sitio Web tienen \u00fanicamente una finalidad informativa y bajo ninguna circunstancia deben usarse ni considerarse como oferta de venta, solicitud de una oferta de compra ni recomendaci\u00f3n para realizar cualquier otra operaci\u00f3n, salvo que as\u00ed se indique expresamente. El Titular se reserva el derecho a modificar, suspender, cancelar o restringir el contenido del Sitio Web, los v\u00ednculos o la informaci\u00f3n obtenida a trav\u00e9s del sitio Web, sin necesidad de previo aviso. El Titular no es responsable de los da\u00f1os y perjuicios que pudieran derivarse de la utilizaci\u00f3n de la informaci\u00f3n del sitio Web o de la contenida en las redes sociales del Titular.<\/p><h3>5. POL\u00cdTICA DE COOKIES<\/h3><p>Este sitio web no hace uso de cookies.<\/p><h3>6. ENLACES DE INTER\u00c9S A OTROS SITIOS WEB<\/h3><p>El Titular puede proporcionarle acceso a sitios Web de terceros mediante enlaces con la finalidad de informar sobre la existencia de otras fuentes de informaci\u00f3n en Internet en las que podr\u00e1 ampliar los datos ofrecidos en el sitio Web. Estos enlaces a otros sitios Web no suponen en ning\u00fan caso una sugerencia o recomendaci\u00f3n para que usted visite las p\u00e1ginas web de destino, que est\u00e1n fuera del control del Titular, por lo que Titular no es responsable del contenido de los sitios web vinculados ni del resultado que obtenga al seguir los enlaces. Asimismo, el Titular no responde de los links o enlaces ubicados en los sitios web vinculados a los que le proporciona acceso. El establecimiento del enlace no implica en ning\u00fan caso la existencia de relaciones entre Titular y el propietario del sitio en el que se establezca el enlace, ni la aceptaci\u00f3n o aprobaci\u00f3n por parte del Titular de sus contenidos o servicios. Si accede a un sitio Web externo desde un enlace que encuentre en el Sitio Web usted deber\u00e1 leer la propia pol\u00edtica de privacidad del otro sitio web que puede ser diferente de la de este sitio Web.<\/p><h3>7. PROPIEDAD INTELECTUAL E INDUSTRIAL<\/h3><p>Todos los derechos est\u00e1n reservados. Todo acceso a este sitio Web est\u00e1 sujeto a las siguientes condiciones: la reproducci\u00f3n, almacenaje permanente y la difusi\u00f3n de los contenidos o cualquier otro uso que tenga finalidad p\u00fablica o comercial queda expresamente prohibida sin el consentimiento previo expreso y por escrito de Titular.<\/p><h3>8. LIMITACI\u00d3N DE RESPONSABILIDAD<\/h3><p>La informaci\u00f3n y servicios incluidos o disponibles a trav\u00e9s de este sitio Web pueden incluir incorrecciones o errores tipogr\u00e1ficos. De forma peri\u00f3dica el Titular incorpora mejoras y\/o cambios a la informaci\u00f3n contenida y\/o los Servicios que puede introducir en cualquier momento. El Titular no declara ni garantiza que los servicios o contenidos sean interrumpidos o que est\u00e9n libres de errores, que los defectos sean corregidos, o que el servicio o el servidor que lo pone a disposici\u00f3n est\u00e9n libres de virus u otros componentes nocivos sin perjuicio de que el Titular realiza todos los esfuerzos en evitar este tipo de incidentes. Titular declina cualquier responsabilidad en caso de que existan interrupciones o un mal funcionamiento de los Servicios o contenidos ofrecidos en Internet, cualquiera que sea su causa. Asimismo, el Titular no se hace responsable por ca\u00eddas de la red, p\u00e9rdidas de negocio a consecuencia de dichas ca\u00eddas, suspensiones temporales de fluido el\u00e9ctrico o cualquier otro tipo de da\u00f1o indirecto que te pueda ser causado por causas ajenas a el Titular. Antes de tomar decisiones y\/o acciones con base a la informaci\u00f3n incluida en el sitio Web, el Titular le recomienda comprobar y contrastar la informaci\u00f3n recibida con otras fuentes.<\/p><h3>9. JURISDICCI\u00d3N<\/h3><p>Este Aviso Legal se rige \u00edntegramente por la legislaci\u00f3n espa\u00f1ola. Siempre que no haya una norma que obligue a otra cosa, para cuantas cuestiones se susciten sobre la interpretaci\u00f3n, aplicaci\u00f3n y cumplimiento de este Aviso Legal, as\u00ed como de las reclamaciones que puedan derivarse de su uso, las partes acuerdan someterse a los Jueces y Tribunales de la provincia de A CORU\u00d1A, con renuncia expresa de cualquier otra jurisdicci\u00f3n que pudiera corresponderles.<\/p><h3>10. POL\u00cdTICA DE DATOS<\/h3><p>El presente sitio web \u00fanicamente trata el nombre y el email recibidos a trav\u00e9s del formulario de contacto, siendo utilizados estos \u00fanicamente para contestar a ese contacto. Puede contactar a trav\u00e9s del correo electr\u00f3nico para solicitar estos datos no sean utilizados.<\/p>\t\t\t\t\t\t\t\t<\/div>\n\t\t\t\t<\/div>\n\t\t\t\t\t<\/div>\n\t\t\t\t<\/div>\n\t\t\t\t<\/div>","protected":false},"excerpt":{"rendered":"<p>1. IDENTIFICACI\u00d3N Y TITULARIDAD En cumplimiento del art\u00edculo 10 de la Ley 34 \/ 2002, de 11 de julio, de Servicios de la Sociedad de la Informaci\u00f3n y Comercio Electr\u00f3nico, el Titular expone sus datos identificativos. Titular:\u00a0Maria Dolores Pallas Quintela NIF: 32799776M Domicilio: Luis Calvo 13, 1\u00ba &#8211; 15100 &#8211; Carballo &#8211; A Coru\u00f1a Correo&hellip;&nbsp;<a href=\"https:\/\/pallasquintela.es\/gl\/politica-privacidad\/\" rel=\"bookmark\">Read More &raquo;<span class=\"screen-reader-text\">Aviso Legal e Privacidade<\/span><\/a><\/p>","protected":false},"author":1,"featured_media":1477,"parent":0,"menu_order":0,"comment_status":"closed","ping_status":"open","template":"","meta":{"neve_meta_sidebar":"","neve_meta_container":"","neve_meta_enable_content_width":"","neve_meta_content_width":0,"neve_meta_title_alignment":"","neve_meta_author_avatar":"","neve_post_elements_order":"","neve_meta_disable_header":"","neve_meta_disable_footer":"","neve_meta_disable_title":"","neve_meta_reading_time":"","_ti_tpc_template_sync":false,"_ti_tpc_template_id":"","footnotes":""},"class_list":["post-3","page","type-page","status-publish","has-post-thumbnail","hentry"],"yoast_head":"<!-- This site is optimized with the Yoast SEO plugin v26.1.1 - https:\/\/yoast.com\/wordpress\/plugins\/seo\/ -->\n<title>Aviso Legal y Privacidad - Pallas Quintela<\/title>\n<meta name=\"description\" content=\"Pallas Quintela, tu gestor\u00eda integral con una misi\u00f3n clara: ofrecer un asesoramiento completo de calidad que combine profesionalidad.\" \/>\n<meta name=\"robots\" content=\"index, follow, max-snippet:-1, max-image-preview:large, max-video-preview:-1\" \/>\n<link rel=\"canonical\" href=\"https:\/\/pallasquintela.es\/gl\/politica-privacidad\/\" \/>\n<meta property=\"og:locale\" content=\"gl_ES\" \/>\n<meta property=\"og:type\" content=\"article\" \/>\n<meta property=\"og:title\" content=\"Aviso Legal y Privacidad - Pallas Quintela\" \/>\n<meta property=\"og:description\" content=\"Pallas Quintela, tu gestor\u00eda integral con una misi\u00f3n clara: ofrecer un asesoramiento completo de calidad que combine profesionalidad.\" \/>\n<meta property=\"og:url\" content=\"https:\/\/pallasquintela.es\/gl\/politica-privacidad\/\" \/>\n<meta property=\"og:site_name\" content=\"Pallas Quintela\" \/>\n<meta property=\"article:modified_time\" content=\"2025-10-15T16:32:37+00:00\" \/>\n<meta property=\"og:image\" content=\"https:\/\/pallasquintela.es\/wp-content\/uploads\/2024\/12\/Diseno-sin-titulo-5.png\" \/>\n\t<meta property=\"og:image:width\" content=\"1366\" \/>\n\t<meta property=\"og:image:height\" content=\"768\" \/>\n\t<meta property=\"og:image:type\" content=\"image\/png\" \/>\n<meta name=\"twitter:card\" content=\"summary_large_image\" \/>\n<meta name=\"twitter:label1\" content=\"Tempo de lectura\" \/>\n\t<meta name=\"twitter:data1\" content=\"6 minutos\" \/>\n<script type=\"application\/ld+json\" class=\"yoast-schema-graph\">{\"@context\":\"https:\/\/schema.org\",\"@graph\":[{\"@type\":\"WebPage\",\"@id\":\"https:\/\/pallasquintela.es\/politica-privacidad\/\",\"url\":\"https:\/\/pallasquintela.es\/politica-privacidad\/\",\"name\":\"Aviso Legal y Privacidad - Pallas Quintela\",\"isPartOf\":{\"@id\":\"https:\/\/pallasquintela.es\/#website\"},\"primaryImageOfPage\":{\"@id\":\"https:\/\/pallasquintela.es\/politica-privacidad\/#primaryimage\"},\"image\":{\"@id\":\"https:\/\/pallasquintela.es\/politica-privacidad\/#primaryimage\"},\"thumbnailUrl\":\"https:\/\/pallasquintela.es\/wp-content\/uploads\/2024\/12\/Diseno-sin-titulo-5.png\",\"datePublished\":\"2023-11-02T17:38:36+00:00\",\"dateModified\":\"2025-10-15T16:32:37+00:00\",\"description\":\"Pallas Quintela, tu gestor\u00eda integral con una misi\u00f3n clara: ofrecer un asesoramiento completo de calidad que combine profesionalidad.\",\"breadcrumb\":{\"@id\":\"https:\/\/pallasquintela.es\/politica-privacidad\/#breadcrumb\"},\"inLanguage\":\"gl-ES\",\"potentialAction\":[{\"@type\":\"ReadAction\",\"target\":[\"https:\/\/pallasquintela.es\/politica-privacidad\/\"]}]},{\"@type\":\"ImageObject\",\"inLanguage\":\"gl-ES\",\"@id\":\"https:\/\/pallasquintela.es\/politica-privacidad\/#primaryimage\",\"url\":\"https:\/\/pallasquintela.es\/wp-content\/uploads\/2024\/12\/Diseno-sin-titulo-5.png\",\"contentUrl\":\"https:\/\/pallasquintela.es\/wp-content\/uploads\/2024\/12\/Diseno-sin-titulo-5.png\",\"width\":1366,\"height\":768},{\"@type\":\"BreadcrumbList\",\"@id\":\"https:\/\/pallasquintela.es\/politica-privacidad\/#breadcrumb\",\"itemListElement\":[{\"@type\":\"ListItem\",\"position\":1,\"name\":\"Home\",\"item\":\"https:\/\/pallasquintela.es\/\"},{\"@type\":\"ListItem\",\"position\":2,\"name\":\"Aviso Legal y Privacidad\"}]},{\"@type\":\"WebSite\",\"@id\":\"https:\/\/pallasquintela.es\/#website\",\"url\":\"https:\/\/pallasquintela.es\/\",\"name\":\"Pallas Quintela\",\"description\":\"Pallas Quintela\",\"potentialAction\":[{\"@type\":\"SearchAction\",\"target\":{\"@type\":\"EntryPoint\",\"urlTemplate\":\"https:\/\/pallasquintela.es\/?s={search_term_string}\"},\"query-input\":{\"@type\":\"PropertyValueSpecification\",\"valueRequired\":true,\"valueName\":\"search_term_string\"}}],\"inLanguage\":\"gl-ES\"}]}<\/script>\n<!-- \/ Yoast SEO plugin. -->","yoast_head_json":{"title":"Aviso Legal y Privacidad - Pallas Quintela","description":"Pallas Quintela, tu gestor\u00eda integral con una misi\u00f3n clara: ofrecer un asesoramiento completo de calidad que combine profesionalidad.","robots":{"index":"index","follow":"follow","max-snippet":"max-snippet:-1","max-image-preview":"max-image-preview:large","max-video-preview":"max-video-preview:-1"},"canonical":"https:\/\/pallasquintela.es\/gl\/politica-privacidad\/","og_locale":"gl_ES","og_type":"article","og_title":"Aviso Legal y Privacidad - Pallas Quintela","og_description":"Pallas Quintela, tu gestor\u00eda integral con una misi\u00f3n clara: ofrecer un asesoramiento completo de calidad que combine profesionalidad.","og_url":"https:\/\/pallasquintela.es\/gl\/politica-privacidad\/","og_site_name":"Pallas Quintela","article_modified_time":"2025-10-15T16:32:37+00:00","og_image":[{"width":1366,"height":768,"url":"https:\/\/pallasquintela.es\/wp-content\/uploads\/2024\/12\/Diseno-sin-titulo-5.png","type":"image\/png"}],"twitter_card":"summary_large_image","twitter_misc":{"Tempo de lectura":"6 minutos"},"schema":{"@context":"https:\/\/schema.org","@graph":[{"@type":"WebPage","@id":"https:\/\/pallasquintela.es\/politica-privacidad\/","url":"https:\/\/pallasquintela.es\/politica-privacidad\/","name":"Aviso Legal y Privacidad - Pallas Quintela","isPartOf":{"@id":"https:\/\/pallasquintela.es\/#website"},"primaryImageOfPage":{"@id":"https:\/\/pallasquintela.es\/politica-privacidad\/#primaryimage"},"image":{"@id":"https:\/\/pallasquintela.es\/politica-privacidad\/#primaryimage"},"thumbnailUrl":"https:\/\/pallasquintela.es\/wp-content\/uploads\/2024\/12\/Diseno-sin-titulo-5.png","datePublished":"2023-11-02T17:38:36+00:00","dateModified":"2025-10-15T16:32:37+00:00","description":"Pallas Quintela, tu gestor\u00eda integral con una misi\u00f3n clara: ofrecer un asesoramiento completo de calidad que combine profesionalidad.","breadcrumb":{"@id":"https:\/\/pallasquintela.es\/politica-privacidad\/#breadcrumb"},"inLanguage":"gl-ES","potentialAction":[{"@type":"ReadAction","target":["https:\/\/pallasquintela.es\/politica-privacidad\/"]}]},{"@type":"ImageObject","inLanguage":"gl-ES","@id":"https:\/\/pallasquintela.es\/politica-privacidad\/#primaryimage","url":"https:\/\/pallasquintela.es\/wp-content\/uploads\/2024\/12\/Diseno-sin-titulo-5.png","contentUrl":"https:\/\/pallasquintela.es\/wp-content\/uploads\/2024\/12\/Diseno-sin-titulo-5.png","width":1366,"height":768},{"@type":"BreadcrumbList","@id":"https:\/\/pallasquintela.es\/politica-privacidad\/#breadcrumb","itemListElement":[{"@type":"ListItem","position":1,"name":"Home","item":"https:\/\/pallasquintela.es\/"},{"@type":"ListItem","position":2,"name":"Aviso Legal y Privacidad"}]},{"@type":"WebSite","@id":"https:\/\/pallasquintela.es\/#website","url":"https:\/\/pallasquintela.es\/","name":"Pallas Quintela","description":"Pallas Quintela","potentialAction":[{"@type":"SearchAction","target":{"@type":"EntryPoint","urlTemplate":"https:\/\/pallasquintela.es\/?s={search_term_string}"},"query-input":{"@type":"PropertyValueSpecification","valueRequired":true,"valueName":"search_term_string"}}],"inLanguage":"gl-ES"}]}},"_links":{"self":[{"href":"https:\/\/pallasquintela.es\/gl\/wp-json\/wp\/v2\/pages\/3","targetHints":{"allow":["GET"]}}],"collection":[{"href":"https:\/\/pallasquintela.es\/gl\/wp-json\/wp\/v2\/pages"}],"about":[{"href":"https:\/\/pallasquintela.es\/gl\/wp-json\/wp\/v2\/types\/page"}],"author":[{"embeddable":true,"href":"https:\/\/pallasquintela.es\/gl\/wp-json\/wp\/v2\/users\/1"}],"replies":[{"embeddable":true,"href":"https:\/\/pallasquintela.es\/gl\/wp-json\/wp\/v2\/comments?post=3"}],"version-history":[{"count":16,"href":"https:\/\/pallasquintela.es\/gl\/wp-json\/wp\/v2\/pages\/3\/revisions"}],"predecessor-version":[{"id":1585,"href":"https:\/\/pallasquintela.es\/gl\/wp-json\/wp\/v2\/pages\/3\/revisions\/1585"}],"wp:featuredmedia":[{"embeddable":true,"href":"https:\/\/pallasquintela.es\/gl\/wp-json\/wp\/v2\/media\/1477"}],"wp:attachment":[{"href":"https:\/\/pallasquintela.es\/gl\/wp-json\/wp\/v2\/media?parent=3"}],"curies":[{"name":"wp","href":"https:\/\/api.w.org\/{rel}","templated":true}]}}